{"id":6907,"date":"2011-12-16T19:12:41","date_gmt":"2011-12-16T21:12:41","guid":{"rendered":"http:\/\/www.ultramotors.com.br\/?page_id=6907"},"modified":"2019-03-24T02:09:00","modified_gmt":"2019-03-24T05:09:00","slug":"vender","status":"publish","type":"page","link":"https:\/\/br.ultramotors.org\/seminovos\/vender\/","title":{"rendered":"Vender ve\u00edculo"},"content":{"rendered":"\n<p>O Ultra Motors fornece uma ferramenta para os compradores em potencial encontrarem o seu ve\u00edculo,&nbsp;crie um an\u00fancio&nbsp;simples,&nbsp;acess\u00edvel e eficaz para vende-lo.&nbsp;Comece agora mesmo \u00e9 <strong>r\u00e1pido<\/strong>, <strong>f\u00e1cil<\/strong> e <strong>gr\u00e1tis<\/strong>.<\/p>\n\n\n\n<p>Crie uma conta e ap\u00f3s efetuar o cadastro voc\u00ea ser\u00e1 redirecionado para a <a rel=\"noreferrer noopener nofollow\" aria-label=\"p\u00e1gina de cria\u00e7\u00e3o de an\u00fancios (opens in a new tab)\" href=\"http:\/\/www.ultramotors.com.br\/publicar-anuncio\/\" target=\"_blank\">p\u00e1gina de cria\u00e7\u00e3o de an\u00fancios<\/a> automaticamente. Nesta p\u00e1gina disponibilizamos algumas informa\u00e7\u00f5es que poder\u00e3o ser \u00fateis sobre as caracter\u00edsticas e funcionamento dos an\u00fancios, al\u00e9m de alguns pontos importantes sobre a venda em cada categoria (carros, motos, barcos, caminh\u00f5es e \u00f4nibus).<\/p>\n\n\n\n<div style=\"height:50px\" aria-hidden=\"true\" class=\"wp-block-spacer\"><\/div>\n\n\n\n<div class=\"wp-block-cover has-background-dim-20 has-background-dim is-layout-flow wp-block-cover-is-layout-flow\" style=\"background-image:url(https:\/\/ultramotors.org\/wp-content\/uploads\/2019\/03\/car-604019_1280.jpg)\"><\/div>\n\n\n\n<h2 class=\"wp-block-heading\"><strong><a href=\"http:\/\/www.ultramotors.com.br\/venda-seu-carro\/\" rel=\"nofollow noopener\" target=\"_blank\">Venda de carros online<\/a><\/strong><\/h2>\n\n\n\n<p>Cada comprador de carro \u00e9 diferente. N\u00e3o importa para quem voc\u00ea est\u00e1 tentando vender, todos eles t\u00eam diferentes origens, or\u00e7amentos, desejos e necessidades. <\/p>\n\n\n\n<p>Lembre-se, sempre haver\u00e1 algu\u00e9m interessado em seu carro, basta que ele esteja vis\u00edvel. As pessoas precisam ter carros e elas t\u00eam que compr\u00e1-los em algum lugar, pode muito bem ser o seu ou os de sua ag\u00eancia. Portanto, n\u00e3o hesite, anuncie ele on-line o quanto antes.<\/p>\n\n\n\n<div style=\"height:50px\" aria-hidden=\"true\" class=\"wp-block-spacer\"><\/div>\n\n\n\n<div class=\"wp-block-cover has-background-dim-20 has-background-dim is-layout-flow wp-block-cover-is-layout-flow\" style=\"background-image:url(https:\/\/ultramotors.org\/wp-content\/uploads\/2019\/03\/vintage-1283299_1280.jpg)\"><\/div>\n\n\n\n<h2 class=\"wp-block-heading\"><strong><a href=\"http:\/\/www.ultramotors.com.br\/venda-sua-moto\/\" rel=\"nofollow noopener\" target=\"_blank\">Venda de motos online<\/a><\/strong><\/h2>\n\n\n\n<p>O Ultra Motors \u00e9 uma maneira f\u00e1cil de vender a sua motocicleta, gerenciar, compartilhar e arquivar todas as vendas que voc\u00ea fizer. Voc\u00ea pode colocar um an\u00fancio em apenas 01\/02 minutos, \u00e9 r\u00e1pido e simples. <\/p>\n\n\n\n<p>Ajudamos as pessoas a venderem suas motos todos os meses com ferramentas que tornam todo o processo o mais f\u00e1cil poss\u00edvel. Tamb\u00e9m fornecemos guias de vendas que oferecem dicas que podem nortear o vendedor a efetuar bons neg\u00f3cios.<\/p>\n\n\n\n<div style=\"height:50px\" aria-hidden=\"true\" class=\"wp-block-spacer\"><\/div>\n\n\n\n<div class=\"wp-block-cover has-background-dim-20 has-background-dim is-layout-flow wp-block-cover-is-layout-flow\" style=\"background-image:url(https:\/\/ultramotors.org\/wp-content\/uploads\/2019\/03\/boat-3604884_1280.jpg)\"><\/div>\n\n\n\n<h2 class=\"wp-block-heading\"><a href=\"http:\/\/www.ultramotors.com.br\/vender-seu-barco-rapido-anuncie-barcos-gratis\/\" rel=\"nofollow noopener\" target=\"_blank\"><strong>Venda de barcos online<\/strong><\/a><\/h2>\n\n\n\n<p>Aqui voc\u00ea n\u00e3o gasta nada para anunciar seu barco ou com comiss\u00f5es de venda. Conecte-se com milhares de compradores potenciais que podem estar procurando o seu barco agora mesmo.<\/p>\n\n\n\n<p>Tenha controle total do seu an\u00fancio. Veja as estat\u00edsticas dos seus an\u00fancios, veja quantas vezes o seu an\u00fancio foi visualizado. Inclua fotos: mostre o seu barco na \u00e1gua, no porto, detalhes do interior, pense nos melhores \u00e2ngulos para atrair compradores em potencial.<\/p>\n\n\n\n<div style=\"height:50px\" aria-hidden=\"true\" class=\"wp-block-spacer\"><\/div>\n\n\n\n<div class=\"wp-block-cover has-background-dim-20 has-background-dim is-layout-flow wp-block-cover-is-layout-flow\" style=\"background-image:url(https:\/\/ultramotors.org\/wp-content\/uploads\/2019\/03\/truck-2920533_1280.jpg)\"><\/div>\n\n\n\n<h2 class=\"wp-block-heading\"><strong>Venda de caminh\u00f5es e \u00f4nibus online<\/strong><\/h2>\n\n\n\n<p>Quando se trata de vender caminh\u00f5es, reboques e afins, O Ultra Motors pode ser uma excelente op\u00e7\u00e3o.<\/p>\n\n\n\n<p>Se voc\u00ea est\u00e1 procurando vender caminh\u00f5es ou \u00f4nibus, novos ou usados, oferecemos recursos para te ajudar nessa tarefa, crie an\u00fancios personalizados que ser\u00e3o divulgados automaticamente em diversos portais do segmento.<\/p>\n\n\n\n<div style=\"height:50px\" aria-hidden=\"true\" class=\"wp-block-spacer\"><\/div>\n\n\n\n<h3 class=\"wp-block-heading\"><strong>Caracter\u00edsticas do an\u00fancio<\/strong><\/h3>\n\n\n\n<ul class=\"wp-block-list\"><li>O an\u00fancio permanece online at\u00e9 vender o ve\u00edculo [1]<\/li><li>Ilimitado (voc\u00ea pode anunciar quantos ve\u00edculos quiser). [2]<\/li><li>At\u00e9 7 fotos do ve\u00edculo por an\u00fancio [3]<\/li><li>Voc\u00ea pode adicionar todas as informa\u00e7\u00f5es importantes do carro, opcionais e coment\u00e1rios extras.<\/li><li>Os interessados entram em contato via formul\u00e1rio de contato diretamente em seu e-mail. [4]<\/li><\/ul>\n\n\n\n<p>1. Atualmente, as publica\u00e7\u00f5es n\u00e3o expiram. \u00c9 sua responsabilidade remover seu an\u00fancio quando n\u00e3o mais precisar promov\u00ea-lo.<br \/>2. Voc\u00ea pode anunciar quantos ve\u00edculos quiser, ideal para revendedores. No entanto an\u00fancios duplicados n\u00e3o ser\u00e3o aceitos.<br \/>3. Recomendamos fortemente que voc\u00ea adicione o m\u00e1ximo de fotos poss\u00edveis, compradores n\u00e3o d\u00e3o valor a an\u00fancios sem fotos.<br \/>4. Os principais contatos ser\u00e3o feitos via formul\u00e1rio de contato, o seu e-mail n\u00e3o ser\u00e1 publicado na p\u00e1gina do an\u00fancio. \u00c9 importante que voc\u00ea verifique e responda aos contatos. Adicione o ultramotors.com.br como endere\u00e7o confi\u00e1vel em sua caixa de entrada para evitar que contatos sejam encaminhados para a pasta de spam.<\/p>\n\n\n\n<div style=\"height:25px\" aria-hidden=\"true\" class=\"wp-block-spacer\"><\/div>\n\n\n\n<h3 class=\"wp-block-heading\"><strong>Painel de Controle<\/strong><\/h3>\n\n\n\n<ul class=\"wp-block-list\"><li>Controle todos os seus an\u00fancios, voc\u00ea pode visualizar, editar (incluir opcionais, incluir fotos, alterar o pre\u00e7o, adicionar coment\u00e1rios, etc), pausar e marcar como vendido quando quiser.<\/li><li>No painel de controle voc\u00ea encontrar\u00e1 informa\u00e7\u00f5es e estat\u00edstica da sua conta.<\/li><li>Privado! Somente voc\u00ea ter\u00e1 acesso as informa\u00e7\u00f5es dispon\u00edveis no painel de controle.<\/li><li>Op\u00e7\u00e3o de pausar o an\u00fancio, caso voc\u00ea tenha desistido temporariamente ou definitivamente, voc\u00ea poder\u00e1 pausar e retirar o seu an\u00fancio do ar. Ele n\u00e3o estar\u00e1 mais vis\u00edvel para pessoas e mecanismos de busca. Voc\u00ea poder\u00e1 ativa-lo quando quiser.<\/li><\/ul>\n\n\n\n<div style=\"height:25px\" aria-hidden=\"true\" class=\"wp-block-spacer\"><\/div>\n\n\n\n<h3 class=\"wp-block-heading\">Termos<\/h3>\n\n\n\n<ul class=\"wp-block-list\"><li>A venda de ve\u00edculos no Ultra Motors est\u00e1 condicionada a aceita\u00e7\u00e3o do\u00a0<a href=\"http:\/\/www.ultramotors.com.br\/sobre\/termo-de-uso\/\" rel=\"nofollow noopener\" target=\"_blank\">termo de uso<\/a>. Saiba mais <a href=\"http:\/\/www.ultramotors.com.br\/sobre\/\" rel=\"nofollow noopener\" target=\"_blank\">sobre<\/a> o Ultra Motors.<\/li><li>Se voc\u00ea ainda n\u00e3o est\u00e1 convencido e quer saber mais sobre <a href=\"http:\/\/www.ultramotors.com.br\/vender-seu-carro-agora-anuncie-veiculos-gratis\/\" rel=\"nofollow noopener\" target=\"_blank\">vender carros<\/a>\u00a0ou <a href=\"http:\/\/www.ultramotors.com.br\/vender-seu-barco-rapido-anuncie-barcos-gratis\/\" rel=\"nofollow noopener\" target=\"_blank\">vender barcos<\/a> no Ultra Motors, \u2190\u00a0acesse esses posts.<\/li><li>Se voc\u00ea precisa de ajuda, ou apenas quer algumas dicas de como vender o seu ve\u00edculo, acesse os <a href=\"http:\/\/www.ultramotors.com.br\/category\/guias-de-vendas\/\" rel=\"nofollow noopener\" target=\"_blank\">guias<\/a> de vendas de carros, motos, barcos, caminh\u00f5es e \u00f4nibus.<\/li><li>Se voc\u00ea procura por artigos e not\u00edcias sobre o mercado de ve\u00edculos, acesse o blog de <a href=\"http:\/\/www.ultramotors.com.br\/blog\/\" rel=\"nofollow noopener\" target=\"_blank\">not\u00edcias automotivas<\/a>.<\/li><li>Se voc\u00ea procura um ve\u00edculo para comprar, acesse a nossa p\u00e1gina de <a href=\"http:\/\/www.ultramotors.com.br\/comprar\/\" rel=\"nofollow noopener\" target=\"_blank\">compra de ve\u00edculos<\/a>.<\/li><\/ul>\n","protected":false},"excerpt":{"rendered":"<p>O Ultra Motors fornece uma ferramenta para os compradores em potencial encontrarem o seu ve\u00edculo,&nbsp;crie um an\u00fancio&nbsp;simples,&nbsp;acess\u00edvel e eficaz para vende-lo.&nbsp;Comece agora mesmo \u00e9 r\u00e1pido, f\u00e1cil e gr\u00e1tis. Crie uma conta e ap\u00f3s efetuar o cadastro voc\u00ea ser\u00e1 redirecionado para a p\u00e1gina de cria\u00e7\u00e3o de an\u00fancios automaticamente. Nesta p\u00e1gina disponibilizamos algumas informa\u00e7\u00f5es que poder\u00e3o ser [&hellip;]<\/p>\n","protected":false},"author":1,"featured_media":0,"parent":0,"menu_order":4,"comment_status":"closed","ping_status":"closed","template":"tpl-full-width.php","meta":{"footnotes":""},"class_list":["post-6907","page","type-page","status-publish","hentry"],"_links":{"self":[{"href":"https:\/\/br.ultramotors.org\/seminovos\/wp-json\/wp\/v2\/pages\/6907","targetHints":{"allow":["GET"]}}],"collection":[{"href":"https:\/\/br.ultramotors.org\/seminovos\/wp-json\/wp\/v2\/pages"}],"about":[{"href":"https:\/\/br.ultramotors.org\/seminovos\/wp-json\/wp\/v2\/types\/page"}],"author":[{"embeddable":true,"href":"https:\/\/br.ultramotors.org\/seminovos\/wp-json\/wp\/v2\/users\/1"}],"replies":[{"embeddable":true,"href":"https:\/\/br.ultramotors.org\/seminovos\/wp-json\/wp\/v2\/comments?post=6907"}],"version-history":[{"count":10,"href":"https:\/\/br.ultramotors.org\/seminovos\/wp-json\/wp\/v2\/pages\/6907\/revisions"}],"predecessor-version":[{"id":68909,"href":"https:\/\/br.ultramotors.org\/seminovos\/wp-json\/wp\/v2\/pages\/6907\/revisions\/68909"}],"wp:attachment":[{"href":"https:\/\/br.ultramotors.org\/seminovos\/wp-json\/wp\/v2\/media?parent=6907"}],"curies":[{"name":"wp","href":"https:\/\/api.w.org\/{rel}","templated":true}]}}