{"id":209,"date":"2011-01-05T19:27:03","date_gmt":"2011-01-05T21:27:03","guid":{"rendered":"http:\/\/www.ultramotors.com.br\/"},"modified":"2019-03-23T20:26:45","modified_gmt":"2019-03-23T23:26:45","slug":"politica-de-privacidade","status":"publish","type":"page","link":"https:\/\/br.ultramotors.org\/seminovos\/sobre\/politica-de-privacidade\/","title":{"rendered":"Pol\u00edtica de Privacidade"},"content":{"rendered":"<p>A privacidade dos visitantes do  Ultra Motors \u00e9 extremamente importante para n\u00f3s.<\/p>\n<p>No UltraMotors, reconhecemos a import\u00e2ncia da privacidade. De seguida deixamos-lhe o tipo de informa\u00e7\u00e3o pessoal que recebemos e colectamos quando visita o ultramotors.com.br, e como guardamos essa informa\u00e7\u00e3o.  Nunca venderemos a sua informa\u00e7\u00e3o para terceiros, sejam eles particulares ou empresas.<\/p>\n<p><strong>Os registros:<\/strong><br \/>\nTal como outros websites, colectamos e utilizamos informa\u00e7\u00e3o contida nos registos.  A informa\u00e7\u00e3o contida nos registos, inclui o seu endere\u00e7o IP (internet protocol), o seu ISP (internet service provider, como o Sapo, Clix, ou outro), o browser que utilizou ao visitar o nosso website (como o Internet Explorer ou o Firefox), o tempo da sua visita e que p\u00e1ginas visitou dentro do nosso website.<\/p>\n<p><strong>Os Cookies e Web Beacons:<\/strong><br \/>\nUtilizamos cookies para armazenar informa\u00e7\u00e3o, tais como as suas prefer\u00eancias pessoas quando visita o nosso website.  Isto poder\u00e1 incluir um simples popup, ou uma liga\u00e7\u00e3o em v\u00e1rios servi\u00e7os que providenciamos, tais como f\u00f3runs.<\/p>\n<p>Em adi\u00e7\u00e3o tamb\u00e9m utilizamos publicidade de terceiros no nosso website para suportar os custos de manuten\u00e7\u00e3o.  Alguns destes publicit\u00e1rios, poder\u00e3o utilizar tecnologias como os cookies e\/ou web beacons quando publicitam no nosso website, o que far\u00e1 com que esses publicit\u00e1rios (como o Google atrav\u00e9s do Google AdSense) tamb\u00e9m recebam a sua informa\u00e7\u00e3o pessoal, como o endere\u00e7o IP, o seu ISP , o seu browser, etc.  Esta fun\u00e7\u00e3o \u00e9 geralmente utilizada para geotargeting (mostrar publicidade de S\u00e3o Paulo apenas aos leitores oriundos de S\u00e3o Paulo por ex.) ou apresentar publicidade direccionada a um tipo de utilizador (como mostrar publicidade de restaurante a um utilizador que visita sites de culin\u00e1ria regularmente, por ex.).<\/p>\n<p>Voc\u00ea detem o poder de desligar os seus cookies, nas op\u00e7\u00f5es do seu browser, ou efectuando altera\u00e7\u00f5es nas ferramentas de programas Anti-Virus, como o Norton Internet Security.  No entanto, isso poder\u00e1 alterar a forma como interage com o nosso website, ou outros websites.  Isso poder\u00e1 afectar ou n\u00e3o permitir que fa\u00e7a logins em programas, sites ou f\u00f3runs da nossa e de outras redes.<\/p>\n","protected":false},"excerpt":{"rendered":"<p>A privacidade dos visitantes do Ultra Motors \u00e9 extremamente importante para n\u00f3s. No UltraMotors, reconhecemos a import\u00e2ncia da privacidade. De seguida deixamos-lhe o tipo de informa\u00e7\u00e3o pessoal que recebemos e colectamos quando visita o ultramotors.com.br, e como guardamos essa informa\u00e7\u00e3o. Nunca venderemos a sua informa\u00e7\u00e3o para terceiros, sejam eles particulares ou empresas. Os registros: Tal [&hellip;]<\/p>\n","protected":false},"author":1,"featured_media":0,"parent":161,"menu_order":0,"comment_status":"closed","ping_status":"open","template":"tpl-full-width.php","meta":{"footnotes":""},"class_list":["post-209","page","type-page","status-publish","hentry"],"_links":{"self":[{"href":"https:\/\/br.ultramotors.org\/seminovos\/wp-json\/wp\/v2\/pages\/209","targetHints":{"allow":["GET"]}}],"collection":[{"href":"https:\/\/br.ultramotors.org\/seminovos\/wp-json\/wp\/v2\/pages"}],"about":[{"href":"https:\/\/br.ultramotors.org\/seminovos\/wp-json\/wp\/v2\/types\/page"}],"author":[{"embeddable":true,"href":"https:\/\/br.ultramotors.org\/seminovos\/wp-json\/wp\/v2\/users\/1"}],"replies":[{"embeddable":true,"href":"https:\/\/br.ultramotors.org\/seminovos\/wp-json\/wp\/v2\/comments?post=209"}],"version-history":[{"count":1,"href":"https:\/\/br.ultramotors.org\/seminovos\/wp-json\/wp\/v2\/pages\/209\/revisions"}],"predecessor-version":[{"id":68860,"href":"https:\/\/br.ultramotors.org\/seminovos\/wp-json\/wp\/v2\/pages\/209\/revisions\/68860"}],"up":[{"embeddable":true,"href":"https:\/\/br.ultramotors.org\/seminovos\/wp-json\/wp\/v2\/pages\/161"}],"wp:attachment":[{"href":"https:\/\/br.ultramotors.org\/seminovos\/wp-json\/wp\/v2\/media?parent=209"}],"curies":[{"name":"wp","href":"https:\/\/api.w.org\/{rel}","templated":true}]}}