{"id":161,"date":"2010-12-28T14:54:22","date_gmt":"2010-12-28T16:54:22","guid":{"rendered":"http:\/\/www.ultramotors.com.br\/"},"modified":"2013-03-05T05:38:32","modified_gmt":"2013-03-05T08:38:32","slug":"sobre","status":"publish","type":"page","link":"https:\/\/br.ultramotors.org\/seminovos\/sobre\/","title":{"rendered":"Sobre"},"content":{"rendered":"<p>N\u00f3s acreditamos que comprar ou vender um ve\u00edculo deve ser um prazer e n\u00e3o um problema. Disponibilizamos de forma r\u00e1pida e f\u00e1cil an\u00fancios de ve\u00edculos usados, semi-novos e 0Km, de revendedores e particulares em todo o territ\u00f3rio brasileiro. Quer se trate da sua primeira negocia\u00e7\u00e3o ou a mais recente de uma s\u00e9rie de negocia\u00e7\u00f5es de ve\u00edculos online, ser\u00e1 f\u00e1cil anunciar neste portal.<\/p>\n<blockquote><p>O Ultra Motors fornece solu\u00e7\u00f5es que simplificam os processos de compra e venda de ve\u00edculos, promovendo integra\u00e7\u00e3o entre compradores e vendedores. Aqui, pessoas est\u00e3o vendendo, comprando, lendo sobre o mercado de ve\u00edculos e compartilhando o conhecimento. Nosso foco est\u00e1 em fornecer ferramentas e conte\u00fado de qualidade para o usu\u00e1rio final.<\/p><\/blockquote>\n<p>Aqui \u00e9 o lugar perfeito para voc\u00ea procurar por um carro, moto, caminh\u00e3o, \u00f4nibus ou barco. O site fornece diversas ofertas e estamos certos que voc\u00ea vai encontrar o ve\u00edculo que voc\u00ea quer pelo pre\u00e7o que voc\u00ea quer. Nossa busca de ve\u00edculos permite voc\u00ea escolher a marca, o modelo, regular o pre\u00e7o que est\u00e1 disposto a pagar e selecionar outros diversos par\u00e2metros para a pesquisa. Voc\u00ea ent\u00e3o apenas decidir\u00e1 em que estado e cidade voc\u00ea quer comprar. O ve\u00edculo certo para voc\u00ea poder\u00e1 estar pr\u00f3ximo. Se procura um modelo raro nos podemos encontra-lo em qualquer lugar do Brasil. E claro ao usar o Ultra Motors para encontrar o ve\u00edculo certo n\u00e3o te custar\u00e1 um centavo sequer.<\/p>\n<p>A venda de carros, motos, caminh\u00f5es, \u00f4nibus, barcos e helic\u00f3pteros usados nunca foi t\u00e3o pr\u00e1tica. Se voc\u00ea quer vender um usado voc\u00ea encontrar\u00e1 onde colocar um an\u00fancio online de forma r\u00e1pida, conveniente e gratuita em um servi\u00e7o como nenhum outro. E se voc\u00ea precisa de suporte quando comprar ou vender um carro de segunda m\u00e3o, nossa se\u00e7\u00e3o de dicas para negocia\u00e7\u00e3o de carros est\u00e1 apenas a alguns cliques ao lado.<\/p>\n<p>Os revendedores tamb\u00e9m podem anunciar gratuitamente nesse portal. De forma profissional os an\u00fancios contam com 8 fotos e todas as informa\u00e7\u00f5es e ferramentas para anunciar com qualidade superior.<\/p>\n<p><strong>Importante! O Site Ultra Motors:<\/strong><\/p>\n<ul>\n<li>N\u00e3o \u00e9 um stand, n\u00e3o vende, n\u00e3o compra e nem det\u00eam qualquer tipo de ve\u00edculo.<\/li>\n<li>Fornece um espa\u00e7o na Internet para que vendedores e compradores possam interagir facilmente, proporcionando excelentes condi\u00e7\u00f5es para os neg\u00f3cios acontecerem.<\/li>\n<li>N\u00e3o interfere nem nunca ir\u00e1 interferir nas transa\u00e7\u00f5es e neg\u00f3cios efetuados entre vendedores e compradores listados ou n\u00e3o no nosso website.<\/li>\n<li>N\u00e3o envia e-mails com solicita\u00e7\u00f5es de informa\u00e7\u00f5es pessoais como senha de login.<\/li>\n<\/ul>\n<p>Deseja mais informa\u00e7\u00f5es? <a title=\"Fale conosco\" href=\"http:\/\/www.ultramotors.com.br\/fale-conosco\/\" rel=\"nofollow noopener\" target=\"_blank\">Entre em contato<\/a>. Considere ler o <a title=\"Blog da equipe\" href=\"http:\/\/inside.ultramotors.com.br\/\" rel=\"nofollow noopener\" target=\"_blank\">blog da equipe<\/a> para saber mais sobre o funcionamento do site.<\/p>\n","protected":false},"excerpt":{"rendered":"<p>N\u00f3s acreditamos que comprar ou vender um ve\u00edculo deve ser um prazer e n\u00e3o um problema. Disponibilizamos de forma r\u00e1pida e f\u00e1cil an\u00fancios de ve\u00edculos usados, semi-novos e 0Km, de revendedores e particulares em todo o territ\u00f3rio brasileiro. Quer se trate da sua primeira negocia\u00e7\u00e3o ou a mais recente de uma s\u00e9rie de negocia\u00e7\u00f5es de [&hellip;]<\/p>\n","protected":false},"author":1,"featured_media":0,"parent":0,"menu_order":0,"comment_status":"closed","ping_status":"open","template":"tpl-full-width.php","meta":{"footnotes":""},"class_list":["post-161","page","type-page","status-publish","hentry"],"_links":{"self":[{"href":"https:\/\/br.ultramotors.org\/seminovos\/wp-json\/wp\/v2\/pages\/161","targetHints":{"allow":["GET"]}}],"collection":[{"href":"https:\/\/br.ultramotors.org\/seminovos\/wp-json\/wp\/v2\/pages"}],"about":[{"href":"https:\/\/br.ultramotors.org\/seminovos\/wp-json\/wp\/v2\/types\/page"}],"author":[{"embeddable":true,"href":"https:\/\/br.ultramotors.org\/seminovos\/wp-json\/wp\/v2\/users\/1"}],"replies":[{"embeddable":true,"href":"https:\/\/br.ultramotors.org\/seminovos\/wp-json\/wp\/v2\/comments?post=161"}],"version-history":[{"count":0,"href":"https:\/\/br.ultramotors.org\/seminovos\/wp-json\/wp\/v2\/pages\/161\/revisions"}],"wp:attachment":[{"href":"https:\/\/br.ultramotors.org\/seminovos\/wp-json\/wp\/v2\/media?parent=161"}],"curies":[{"name":"wp","href":"https:\/\/api.w.org\/{rel}","templated":true}]}}